{"id":2137,"date":"2024-08-26T06:54:41","date_gmt":"2024-08-26T06:54:41","guid":{"rendered":"https:\/\/longviveco.com\/dk\/?post_type=product&#038;p=2137"},"modified":"2024-08-30T19:01:53","modified_gmt":"2024-08-30T19:01:53","slug":"haand-og-kropsvask-ingefaer-roege-kardemomme","status":"publish","type":"product","link":"https:\/\/longviveco.com\/dk\/product\/haand-og-kropsvask-ingefaer-roege-kardemomme\/","title":{"rendered":"H\u00e5nd- og kropsvask, ingef\u00e6r &#038; r\u00f8get kardemomme"},"content":{"rendered":"<p><strong>Opdag den perfekte h\u00e5nd- og kropss\u00e6be til modne og livserfarne: Sk\u00e5nsom, fugtgivende og med en sk\u00f8n duft<\/strong><\/p>\n<p>Er du p\u00e5 udkig efter at forbedre din personlige plejerutine eller tilbyde dine kunder et produkt, der virkelig skiller sig ud? Vores sk\u00e5nsomme, velduftende h\u00e5nd- og kropss\u00e6be er designet med modne og livserfarne personer i tankerne og er det perfekte supplement til enhver wellness- eller selvplejerutine. Med fokus p\u00e5 kvalitet og excellence overg\u00e5r denne luksuri\u00f8se kropss\u00e6be forventningerne ved at give en beroligende og fugtgivende reng\u00f8ring, der er ideel til alle hudtyper, inklusive moden hud.<\/p>\n<p><strong>Hvorfor den er ideel til modne og livserfarne:<\/strong><\/p>\n<p>Vores kropss\u00e6be er mere end bare et reng\u00f8ringsprodukt\u2014det er en oplevelse. Specielt formuleret til at v\u00e6re sk\u00e5nsom mod huden, indeholder den fugtgivende Betaine, som fastholder fugten og efterlader huden bl\u00f8d og n\u00e6ret hele dagen. Den subtile, behagelige duft af kardemomme og krydderier tilf\u00f8jer et strejf af luksus, der blidt h\u00e6nger ved huden uden at overv\u00e6lde sanserne.<\/p>\n<p><strong>Perfekt til forskellige virksomheder:<\/strong><\/p>\n<p>Uanset om du driver et spa, wellnesscenter, boutiquehotel eller en e-handelsbutik, der henvender sig til det modne marked, er vores kropss\u00e6be et fremragende valg. Den er ogs\u00e5 ideel til butiksejere, restauranter og caf\u00e9er, der \u00f8nsker at tilbyde h\u00f8jkvalitets kropsplejeprodukter med private labels, som tiltaler en livserfaren kundekreds.<\/p>\n<p><strong>N\u00f8glefordele:<\/strong><\/p>\n<ul>\n<li><strong>Fugtgivende og sk\u00e5nsom:<\/strong> Vores formulering er designet til at give en beroligende reng\u00f8ring, mens den fugter huden, hvilket g\u00f8r den perfekt til modne personer, der ofte har t\u00f8rre og mere sarte hudtyper.<\/li>\n<li><strong>Vegansk og naturlig:<\/strong> Vores kropss\u00e6be er vegansk, glutenfri og n\u00f8ddefri, hvilket sikrer, at den er sikker og velegnet til alle hudtyper, herunder dem med s\u00e6rlige allergier eller f\u00f8lsomheder.<\/li>\n<li><strong>\u00d8kologiske ingredienser:<\/strong> Lavet med kv\u00e6deekstrakt og betaine fra \u00f8kologisk landbrug, kombinerer vores kropss\u00e6be naturlige fordele med moderne hudplejevidenskab.<\/li>\n<\/ul>\n<p><strong>S\u00e5dan bruger du den:<\/strong><\/p>\n<p>P\u00e5f\u00f8r p\u00e5 fugtig hud, skum op, og skyl grundigt af. Nyd den langvarige fugt og den behagelige duft, der f\u00f8lger dig hele dagen.<\/p>\n<p><strong>Ingredienser, du kan stole p\u00e5:<\/strong><\/p>\n<p>Aqua\/Water, Sodium Coco-Sulfate, Sodium Cocoamphoacetate, Cocamidopropyl Betaine, Betaine, Coco-Glucoside, Citric Acid, Parfum\/Fragrance, Sodium Chloride, Benzyl Alcohol, Pyrus Cydonia (Quince) Fruit Extract, Sodium Benzoate, Potassium Sorbate.<\/p>\n<p>Forbedr din hudplejerutine eller gl\u00e6d dine kunder med en kropss\u00e6be, der er lige s\u00e5 sk\u00e5nsom som den er effektiv. Perfekt til modne og livserfarne, der fortjener det bedste inden for hudpleje.<\/p>\n","protected":false},"excerpt":{"rendered":"<p>Opdag den perfekte h\u00e5nd- og kropss\u00e6be til modne og livserfarne: Sk\u00e5nsom, fugtgivende og med en sk\u00f8n duft Er du p\u00e5 udkig efter at forbedre din personlige plejerutine eller tilbyde dine kunder et produkt, der virkelig skiller sig ud? Vores sk\u00e5nsomme, velduftende h\u00e5nd- og kropss\u00e6be er designet med modne og livserfarne personer i tankerne og er [&hellip;]<\/p>\n","protected":false},"featured_media":2138,"comment_status":"closed","ping_status":"closed","template":"","meta":[],"product_brand":[],"product_cat":[17],"product_tag":[110,144,86,37,138,106,137,102,94,104,103,68,101],"class_list":{"0":"post-2137","1":"product","2":"type-product","3":"status-publish","4":"has-post-thumbnail","6":"product_cat-uncategorized","7":"product_tag-all-skin-types-skin-type","8":"product_tag-allergen-label-free-claims","9":"product_tag-betaine-ingredients","10":"product_tag-body-care","11":"product_tag-body-wash-type","12":"product_tag-fruit-extract-ingredients","13":"product_tag-gentle-to-skin","14":"product_tag-gluten-free-claims","15":"product_tag-hydrating","16":"product_tag-natural-certified-claims","17":"product_tag-nut-free-claims","18":"product_tag-vegan","19":"product_tag-vegan-claims","22":"instock","23":"taxable","24":"shipping-taxable","25":"purchasable","26":"product-type-simple","27":"product-grid-view"},"_links":{"self":[{"href":"https:\/\/longviveco.com\/dk\/wp-json\/wp\/v2\/product\/2137","targetHints":{"allow":["GET"]}}],"collection":[{"href":"https:\/\/longviveco.com\/dk\/wp-json\/wp\/v2\/product"}],"about":[{"href":"https:\/\/longviveco.com\/dk\/wp-json\/wp\/v2\/types\/product"}],"replies":[{"embeddable":true,"href":"https:\/\/longviveco.com\/dk\/wp-json\/wp\/v2\/comments?post=2137"}],"version-history":[{"count":3,"href":"https:\/\/longviveco.com\/dk\/wp-json\/wp\/v2\/product\/2137\/revisions"}],"predecessor-version":[{"id":2222,"href":"https:\/\/longviveco.com\/dk\/wp-json\/wp\/v2\/product\/2137\/revisions\/2222"}],"wp:featuredmedia":[{"embeddable":true,"href":"https:\/\/longviveco.com\/dk\/wp-json\/wp\/v2\/media\/2138"}],"wp:attachment":[{"href":"https:\/\/longviveco.com\/dk\/wp-json\/wp\/v2\/media?parent=2137"}],"wp:term":[{"taxonomy":"product_brand","embeddable":true,"href":"https:\/\/longviveco.com\/dk\/wp-json\/wp\/v2\/product_brand?post=2137"},{"taxonomy":"product_cat","embeddable":true,"href":"https:\/\/longviveco.com\/dk\/wp-json\/wp\/v2\/product_cat?post=2137"},{"taxonomy":"product_tag","embeddable":true,"href":"https:\/\/longviveco.com\/dk\/wp-json\/wp\/v2\/product_tag?post=2137"}],"curies":[{"name":"wp","href":"https:\/\/api.w.org\/{rel}","templated":true}]}}