{"id":2134,"date":"2024-08-26T06:54:16","date_gmt":"2024-08-26T06:54:16","guid":{"rendered":"https:\/\/longviveco.com\/dk\/?post_type=product&#038;p=2134"},"modified":"2024-08-31T10:07:12","modified_gmt":"2024-08-31T10:07:12","slug":"glansfuld-shampoo-roeget-groen-vetiver","status":"publish","type":"product","link":"https:\/\/longviveco.com\/dk\/product\/glansfuld-shampoo-roeget-groen-vetiver\/","title":{"rendered":"Glansfuld shampoo, r\u00f8get gr\u00f8n vetiver"},"content":{"rendered":"<p><strong>Salonv\u00e6rdig H\u00e5rpleje til Livserfarne: Opn\u00e5 Glansfuldt og Bl\u00f8dt H\u00e5r med Lethed<\/strong><\/p>\n<p>\u00d8nsker du at l\u00f8fte din h\u00e5rplejerutine og opn\u00e5 et salonv\u00e6rdigt look derhjemme? Vores premium shampoo er den perfekte tilf\u00f8jelse til enhver h\u00e5rplejeserie, specielt skr\u00e6ddersyet til livserfarne, der fortjener det bedste. Med en sk\u00e5nsom, men effektiv formel renser den h\u00e5ret, s\u00e5 det efterlades frisk, glansfuldt og fuld af liv.<\/p>\n<p><strong>Hvorfor den er perfekt til modne personer:<\/strong><\/p>\n<p>Med alderen kan h\u00e5ret miste sin naturlige glans og fylde. Vores specielt formulerede shampoo adresserer disse udfordringer ved at genskabe glans og bl\u00f8dhed i dit h\u00e5r. Beriget med n\u00e6rende ingredienser som Betaine og Hydrolyseret Hvedeprotein, renser denne shampoo ikke kun, men revitaliserer ogs\u00e5 dit h\u00e5r, s\u00e5 det f\u00f8les utroligt bl\u00f8dt og fyldigt.<\/p>\n<p><strong>Perfekt til alle h\u00e5rtyper:<\/strong><\/p>\n<p>Uanset din h\u00e5rtype er denne shampoo designet til at g\u00f8re underv\u00e6rker. Den er sk\u00e5nsom nok til alle hudtyper og sikrer, at din hovedbund forbliver komfortabel, mens dit h\u00e5r str\u00e5ler. Den delikate duft tilf\u00f8jer et strejf af luksus, s\u00e5 din h\u00e5rplejerutine f\u00f8les som en spaoplevelse.<\/p>\n<p><strong>N\u00f8glefordele:<\/strong><\/p>\n<ul>\n<li><strong>Tilf\u00f8jer Glans og Bl\u00f8dhed:<\/strong> Vores shampoo er perfekt til at genskabe glans og bl\u00f8dhed i h\u00e5r, der m\u00e5ske har mistet sin livlighed over tid.<\/li>\n<li><strong>N\u00e6rende Ingredienser:<\/strong> Med Aloe Vera, Betaine og Hydrolyseret Hvedeprotein n\u00e6rer denne formel dybt og styrker dit h\u00e5r fra rod til spids.<\/li>\n<li><strong>Sk\u00e5nsom og Effektiv:<\/strong> Designet med livserfarne i tankerne, er denne shampoo sk\u00e5nsom mod hovedbunden, mens den effektivt renser og revitaliserer dit h\u00e5r.<\/li>\n<\/ul>\n<p><strong>S\u00e5dan bruger du den:<\/strong><\/p>\n<p>P\u00e5f\u00f8r i fugtigt h\u00e5r og p\u00e5 hovedbunden, skum op, og skyl grundigt. Oplev forvandlingen, n\u00e5r dit h\u00e5r bliver glattere, mere glansfuldt og delikat duftende.<\/p>\n<p><strong>Ingredienser, du kan stole p\u00e5:<\/strong><\/p>\n<p>Aloe Barbadensis (Aloe) Leaf Juice\u2780, Sodium Coco-Sulfate, Coco-Glucoside, Cocamidopropyl Betaine, Glycerin, Betaine, Aqua, Glyceryl Oleate, Sodium Chloride, Citric Acid, Parfum, Benzyl Alcohol, Brassica Alcohol, Hydrolyzed Wheat Protein, Sodium Benzoate, Brassicyl Isoleucinate Esylate, Potassium Sorbate, Limonene, Citrus Limon Peel Oil, Pogostemon Cablin Oil, Juniperus Virginiana Oil, Linalool, Cedrus Atlantica Oil\/Extract.<\/p>\n<p>\u2780 Ingredienser fra \u00f8kologisk landbrug<\/p>\n<p><strong>Forvandl din h\u00e5rplejerutine med en shampoo, der bringer det bedste frem i modent h\u00e5r og giver en glat, glansfuld finish, der f\u00f8les salonv\u00e6rdig hver dag.<\/strong><\/p>\n","protected":false},"excerpt":{"rendered":"<p>Salonv\u00e6rdig H\u00e5rpleje til Livserfarne: Opn\u00e5 Glansfuldt og Bl\u00f8dt H\u00e5r med Lethed \u00d8nsker du at l\u00f8fte din h\u00e5rplejerutine og opn\u00e5 et salonv\u00e6rdigt look derhjemme? Vores premium shampoo er den perfekte tilf\u00f8jelse til enhver h\u00e5rplejeserie, specielt skr\u00e6ddersyet til livserfarne, der fortjener det bedste. Med en sk\u00e5nsom, men effektiv formel renser den h\u00e5ret, s\u00e5 det efterlades frisk, glansfuldt [&hellip;]<\/p>\n","protected":false},"featured_media":2135,"comment_status":"closed","ping_status":"closed","template":"","meta":[],"product_brand":[],"product_cat":[17],"product_tag":[198,110,86,169,36,199,200,150,153,66],"class_list":{"0":"post-2134","1":"product","2":"type-product","3":"status-publish","4":"has-post-thumbnail","6":"product_cat-uncategorized","7":"product_tag-adds-gloss-to-the-hair","8":"product_tag-all-skin-types-skin-type","9":"product_tag-betaine-ingredients","10":"product_tag-delicately-fragranced","11":"product_tag-hair-care","12":"product_tag-hair-feels-smooth","13":"product_tag-lack-of-gloss-concern","14":"product_tag-shampoo-type","15":"product_tag-wheat-protein-ingredients","16":"product_tag-white-packaging-color","19":"instock","20":"taxable","21":"shipping-taxable","22":"purchasable","23":"product-type-simple","24":"product-grid-view"},"_links":{"self":[{"href":"https:\/\/longviveco.com\/dk\/wp-json\/wp\/v2\/product\/2134","targetHints":{"allow":["GET"]}}],"collection":[{"href":"https:\/\/longviveco.com\/dk\/wp-json\/wp\/v2\/product"}],"about":[{"href":"https:\/\/longviveco.com\/dk\/wp-json\/wp\/v2\/types\/product"}],"replies":[{"embeddable":true,"href":"https:\/\/longviveco.com\/dk\/wp-json\/wp\/v2\/comments?post=2134"}],"version-history":[{"count":4,"href":"https:\/\/longviveco.com\/dk\/wp-json\/wp\/v2\/product\/2134\/revisions"}],"predecessor-version":[{"id":2230,"href":"https:\/\/longviveco.com\/dk\/wp-json\/wp\/v2\/product\/2134\/revisions\/2230"}],"wp:featuredmedia":[{"embeddable":true,"href":"https:\/\/longviveco.com\/dk\/wp-json\/wp\/v2\/media\/2135"}],"wp:attachment":[{"href":"https:\/\/longviveco.com\/dk\/wp-json\/wp\/v2\/media?parent=2134"}],"wp:term":[{"taxonomy":"product_brand","embeddable":true,"href":"https:\/\/longviveco.com\/dk\/wp-json\/wp\/v2\/product_brand?post=2134"},{"taxonomy":"product_cat","embeddable":true,"href":"https:\/\/longviveco.com\/dk\/wp-json\/wp\/v2\/product_cat?post=2134"},{"taxonomy":"product_tag","embeddable":true,"href":"https:\/\/longviveco.com\/dk\/wp-json\/wp\/v2\/product_tag?post=2134"}],"curies":[{"name":"wp","href":"https:\/\/api.w.org\/{rel}","templated":true}]}}