{"id":2106,"date":"2024-08-25T19:04:01","date_gmt":"2024-08-25T19:04:01","guid":{"rendered":"https:\/\/longviveco.com\/dk\/?post_type=product&#038;p=2106"},"modified":"2025-01-25T17:47:37","modified_gmt":"2025-01-25T17:47:37","slug":"antioxidantisk-ginkgo-gel-booster","status":"publish","type":"product","link":"https:\/\/longviveco.com\/dk\/product\/antioxidantisk-ginkgo-gel-booster\/","title":{"rendered":"Antioxidantisk Ginkgo Gel Booster"},"content":{"rendered":"<p><strong>Ginkgo Biloba Ekstrakt Koncentrat: Det Perfekte Anti-Aging Boost til Moden Hud<\/strong><\/p>\n<p>Opgrader din hudplejerutine med vores Ginkgo Biloba Ekstrakt Koncentrat, specielt formuleret til at im\u00f8dekomme behovene hos moden hud. Rig p\u00e5 antioxidanter, hj\u00e6lper dette kraftfulde koncentrat med at bek\u00e6mpe de skadelige virkninger af frie radikaler og beskytter din hud mod forurening og andre milj\u00f8faktorer. Ideel til livserfarne, genopfrisker det trist og tr\u00e6t hud, og giver den et friskt og ungdommeligt udseende.<\/p>\n<p><strong>Hvorfor Det Er Perfekt til Moden Hud:<\/strong><\/p>\n<p>Med alderen bliver vores hud mere modtagelig for milj\u00f8skader og oxidativt stress. Dette Ginkgo Biloba ekstrakt er fyldt med antioxidanter, der beskytter din hud mod skadelige frie radikaler og hj\u00e6lper med at forhindre for tidlig aldring. Uanset om din hud er t\u00f8r, fedtet eller normal, tilf\u00f8rer dette koncentrat fugt og vitalitet, hvilket g\u00f8r det til et uundv\u00e6rligt element i din anti-aging hudplejerutine.<\/p>\n<p><strong>S\u00e5dan Bruger Du Det:<\/strong><\/p>\n<p>Bland blot 1\u20133 dr\u00e5ber i din foretrukne ansigts- eller kropscreme for at forst\u00e6rke dens beskyttende og fugtgivende effekt. Denne oliefrie formel sikrer, at din hud f\u00e5r den pleje, den har brug for, uden at f\u00f8les fedtet, og efterlader den bl\u00f8d, smidig og str\u00e5lende.<\/p>\n<p><strong>N\u00f8glefordele:<\/strong><\/p>\n<ul>\n<li><strong>Beskytter mod Milj\u00f8skader:<\/strong> Det h\u00f8je antioxidantindhold hj\u00e6lper med at forsvare din hud mod forurening og frie radikaler, hvilket er afg\u00f8rende for at bevare ungdommelig hud med alderen.<\/li>\n<li><strong>Genskaber Ungdommelig Gl\u00f8d:<\/strong> Perfekt til at revitalisere trist og tr\u00e6t hud, dette koncentrat hj\u00e6lper med at genoprette et friskt og str\u00e5lende udseende.<\/li>\n<li><strong>Alsidig til Alle Hudtyper:<\/strong> Uanset om du har t\u00f8r, normal eller fedtet hud, er dette koncentrat velegnet til alle og dermed en alsidig tilf\u00f8jelse til din hudplejerutine.<\/li>\n<\/ul>\n<p><strong>Ingredienser, Du Kan Stole P\u00e5:<\/strong><\/p>\n<p>Aqua, Alcohol, Glycerin, Carrageenan, Cellulose Gum, Ceratonia Siliqua Gum, Parfum, Glucose, Ginkgo Biloba (Ginkgo) Leaf Extract\u2780, Citric Acid, Sodium Phytate, Camellia Sinensis (Gr\u00f8n Te) Leaf Extract\u2780, Potassium Hydroxide, Quercus Robur (Eg) Bark Extract\u2780, Vitis Vinifera (Vindrue) Seed Extract\u2780, Sodium Benzoate, Potassium Sorbate<\/p>\n<p>\u2780 Ingredienser fra \u00f8kologisk landbrug<\/p>\n<p><strong>Boost din huds forsvar mod aldring med Ginkgo Biloba Ekstrakt Koncentrat, den perfekte tilf\u00f8jelse til enhver livserfaren persons hudplejerutine. Nyd en beskyttet, hydreret og ungdommelig hud hver dag.<\/strong><\/p>\n","protected":false},"excerpt":{"rendered":"<p>Ginkgo Biloba Ekstrakt Koncentrat: Det Perfekte Anti-Aging Boost til Moden Hud Opgrader din hudplejerutine med vores Ginkgo Biloba Ekstrakt Koncentrat, specielt formuleret til at im\u00f8dekomme behovene hos moden hud. Rig p\u00e5 antioxidanter, hj\u00e6lper dette kraftfulde koncentrat med at bek\u00e6mpe de skadelige virkninger af frie radikaler og beskytter din hud mod forurening og andre milj\u00f8faktorer. Ideel [&hellip;]<\/p>\n","protected":false},"featured_media":2107,"comment_status":"closed","ping_status":"closed","template":"","meta":[],"product_brand":[],"product_cat":[202],"product_tag":[78,72,131,64,32,94,73,130,63,98,100,117],"class_list":{"0":"post-2106","1":"product","2":"type-product","3":"status-publish","4":"has-post-thumbnail","6":"product_cat-skin-booster","7":"product_tag-amber-packaging-color","8":"product_tag-anti-ageing-skincare-concern","9":"product_tag-boosters-type","10":"product_tag-dry-skin-type","11":"product_tag-face-care","12":"product_tag-hydrating","13":"product_tag-mature-skin-type","14":"product_tag-no-oil","15":"product_tag-normal-skin-type","16":"product_tag-oily-skin-type","17":"product_tag-plant-extract-ingredients","18":"product_tag-protects","21":"instock","22":"taxable","23":"shipping-taxable","24":"purchasable","25":"product-type-simple","26":"product-grid-view"},"_links":{"self":[{"href":"https:\/\/longviveco.com\/dk\/wp-json\/wp\/v2\/product\/2106","targetHints":{"allow":["GET"]}}],"collection":[{"href":"https:\/\/longviveco.com\/dk\/wp-json\/wp\/v2\/product"}],"about":[{"href":"https:\/\/longviveco.com\/dk\/wp-json\/wp\/v2\/types\/product"}],"replies":[{"embeddable":true,"href":"https:\/\/longviveco.com\/dk\/wp-json\/wp\/v2\/comments?post=2106"}],"version-history":[{"count":3,"href":"https:\/\/longviveco.com\/dk\/wp-json\/wp\/v2\/product\/2106\/revisions"}],"predecessor-version":[{"id":2236,"href":"https:\/\/longviveco.com\/dk\/wp-json\/wp\/v2\/product\/2106\/revisions\/2236"}],"wp:featuredmedia":[{"embeddable":true,"href":"https:\/\/longviveco.com\/dk\/wp-json\/wp\/v2\/media\/2107"}],"wp:attachment":[{"href":"https:\/\/longviveco.com\/dk\/wp-json\/wp\/v2\/media?parent=2106"}],"wp:term":[{"taxonomy":"product_brand","embeddable":true,"href":"https:\/\/longviveco.com\/dk\/wp-json\/wp\/v2\/product_brand?post=2106"},{"taxonomy":"product_cat","embeddable":true,"href":"https:\/\/longviveco.com\/dk\/wp-json\/wp\/v2\/product_cat?post=2106"},{"taxonomy":"product_tag","embeddable":true,"href":"https:\/\/longviveco.com\/dk\/wp-json\/wp\/v2\/product_tag?post=2106"}],"curies":[{"name":"wp","href":"https:\/\/api.w.org\/{rel}","templated":true}]}}