{"id":2093,"date":"2024-08-25T18:57:56","date_gmt":"2024-08-25T18:57:56","guid":{"rendered":"https:\/\/longviveco.com\/dk\/?post_type=product&#038;p=2093"},"modified":"2024-09-01T13:03:31","modified_gmt":"2024-09-01T13:03:31","slug":"rensende-mousse","status":"publish","type":"product","link":"https:\/\/longviveco.com\/dk\/product\/rensende-mousse\/","title":{"rendered":"Rensende Mousse"},"content":{"rendered":"<p><strong>Innovativ Rens: Perfekt til at Bevare Ungdommelig og Hydreret Hud<\/strong><\/p>\n<p>Oplev den perfekte balance mellem renhed og fugt med vores innovative tekstur-rens, specielt designet til moden hud. Denne sk\u00e5nsomme, men effektive formel opl\u00f8ser urenheder, fjerner overskydende talg og fugter dit ansigt uden at tilstoppe porerne. Ideel til seniorer, sikrer den, at din hud forbliver ren, frisk og suppleret med fugt.<\/p>\n<p><strong>Hvorfor Den Er Perfekt til Moden Hud:<\/strong><\/p>\n<p>Med alderen bliver det sv\u00e6rere at opretholde en sund og balanceret hud. Vores rens er omhyggeligt formuleret til at im\u00f8dekomme behovene hos moden hud ved at give en grundig rensning uden at fjerne den n\u00f8dvendige fugt. Den mousse-lignende tekstur f\u00f8les luksuri\u00f8s, mens ingredienser som Aloe Juice og B\u00e6rekstrakt n\u00e6rer din hud og efterlader den bl\u00f8d, glat og hydreret.<\/p>\n<p><strong>Sk\u00e5nsom Pleje til Alle Hudtyper:<\/strong><\/p>\n<p>Uanset om din hud er normal, fedtet eller tilb\u00f8jelig til urenheder, er denne rens velegnet til alle hudtyper. Den er vegansk, glutenfri, n\u00f8ddefri og certificeret naturlig, hvilket g\u00f8r den til et sikkert og sk\u00e5nsomt valg for seniorer, der \u00f8nsker effektiv hudpleje uden skrappe kemikalier.<\/p>\n<p><strong>N\u00f8glefordele:<\/strong><\/p>\n<ul>\n<li><strong>Dybrensende og Fugtende:<\/strong> Fjerner urenheder og overskydende olie samtidig med, at den giver intens fugt, perfekt til moden hud.<\/li>\n<li><strong>Tilstopper Ikke Porerne:<\/strong> Fugter uden at tilstoppe porerne, s\u00e5 din hud forbliver klar og sund.<\/li>\n<li><strong>Naturlig og Sikker:<\/strong> Vegansk, glutenfri og n\u00f8ddefri, med naturlige certificeringer, du kan stole p\u00e5.<\/li>\n<\/ul>\n<p><strong>S\u00e5dan Bruger Du Den:<\/strong><\/p>\n<p>Skum en lille m\u00e6ngde op i dine h\u00e6nder, p\u00e5f\u00f8r rensen p\u00e5 dit ansigt, mass\u00e9r forsigtigt og skyl af med vand. Nyd den friske, hydrerede f\u00f8lelse, der varer hele dagen.<\/p>\n<p><strong>Ingredienser, Du Kan Stole P\u00e5:<\/strong><\/p>\n<p>Aloe Barbadensis (Aloe) Leaf Juice\u2780, Coco-Glucoside, Cocamidopropyl Betaine, Glycerin, Aqua, Xanthan Gum, Propanediol, Rubus Fruticosus (Bromb\u00e6r) Frugtekstrakt\u2780, Sodium PCA, Sodium Levulinate, Lactic Acid, Acacia Senegal Gum, Sodium Anisate, Parfum, Acorus Calamus (S\u00f8d Flag) Rod Ekstrakt\u2780, CI 77891 (Titanium Dioxid)\u2782, Salvia Officinalis (Salvie) Blad Ekstrakt\u2780, Rhamnose, Glucose, Glucuronic Acid, Arctium Lappa (Burre) Rod Ekstrakt\u2780, Citric Acid, Sodium Benzoate, Potassium Sorbate, Limonene\u2781<\/p>\n<p>\u2780 Ingredienser fra \u00f8kologisk landbrug<\/p>\n<p>\u2781 Fra naturlige \u00e6teriske olier<\/p>\n<p>\u2782 Rene mineralpigmenter<\/p>\n<p><strong>Forbedr din hudplejerutine med en rens, der giver dyb rensning, hydrering og n\u00e6ring\u2014perfekt til den modne hud hos seniorer.<\/strong><\/p>\n","protected":false},"excerpt":{"rendered":"<p>Innovativ Rens: Perfekt til at Bevare Ungdommelig og Hydreret Hud Oplev den perfekte balance mellem renhed og fugt med vores innovative tekstur-rens, specielt designet til moden hud. Denne sk\u00e5nsomme, men effektive formel opl\u00f8ser urenheder, fjerner overskydende talg og fugter dit ansigt uden at tilstoppe porerne. Ideel til seniorer, sikrer den, at din hud forbliver ren, [&hellip;]<\/p>\n","protected":false},"featured_media":2094,"comment_status":"closed","ping_status":"closed","template":"","meta":[],"product_brand":[],"product_cat":[17],"product_tag":[122,192,145,32,102,94,193,104,63,103,98,101,66],"class_list":{"0":"post-2093","1":"product","2":"type-product","3":"status-publish","4":"has-post-thumbnail","6":"product_cat-uncategorized","7":"product_tag-acne-and-blemishes-concern","8":"product_tag-all-skin-types","9":"product_tag-cleansers-type","10":"product_tag-face-care","11":"product_tag-gluten-free-claims","12":"product_tag-hydrating","13":"product_tag-mousse-texture","14":"product_tag-natural-certified-claims","15":"product_tag-normal-skin-type","16":"product_tag-nut-free-claims","17":"product_tag-oily-skin-type","18":"product_tag-vegan-claims","19":"product_tag-white-packaging-color","22":"instock","23":"taxable","24":"shipping-taxable","25":"purchasable","26":"product-type-simple","27":"product-grid-view"},"_links":{"self":[{"href":"https:\/\/longviveco.com\/dk\/wp-json\/wp\/v2\/product\/2093","targetHints":{"allow":["GET"]}}],"collection":[{"href":"https:\/\/longviveco.com\/dk\/wp-json\/wp\/v2\/product"}],"about":[{"href":"https:\/\/longviveco.com\/dk\/wp-json\/wp\/v2\/types\/product"}],"replies":[{"embeddable":true,"href":"https:\/\/longviveco.com\/dk\/wp-json\/wp\/v2\/comments?post=2093"}],"version-history":[{"count":3,"href":"https:\/\/longviveco.com\/dk\/wp-json\/wp\/v2\/product\/2093\/revisions"}],"predecessor-version":[{"id":2240,"href":"https:\/\/longviveco.com\/dk\/wp-json\/wp\/v2\/product\/2093\/revisions\/2240"}],"wp:featuredmedia":[{"embeddable":true,"href":"https:\/\/longviveco.com\/dk\/wp-json\/wp\/v2\/media\/2094"}],"wp:attachment":[{"href":"https:\/\/longviveco.com\/dk\/wp-json\/wp\/v2\/media?parent=2093"}],"wp:term":[{"taxonomy":"product_brand","embeddable":true,"href":"https:\/\/longviveco.com\/dk\/wp-json\/wp\/v2\/product_brand?post=2093"},{"taxonomy":"product_cat","embeddable":true,"href":"https:\/\/longviveco.com\/dk\/wp-json\/wp\/v2\/product_cat?post=2093"},{"taxonomy":"product_tag","embeddable":true,"href":"https:\/\/longviveco.com\/dk\/wp-json\/wp\/v2\/product_tag?post=2093"}],"curies":[{"name":"wp","href":"https:\/\/api.w.org\/{rel}","templated":true}]}}