{"id":2014,"date":"2024-08-25T17:20:15","date_gmt":"2024-08-25T17:20:15","guid":{"rendered":"https:\/\/longviveco.com\/dk\/?post_type=product&#038;p=2014"},"modified":"2024-09-04T11:17:41","modified_gmt":"2024-09-04T11:17:41","slug":"naerende-ansigtsolie","status":"publish","type":"product","link":"https:\/\/longviveco.com\/dk\/product\/naerende-ansigtsolie\/","title":{"rendered":"N\u00e6rende ansigtsolie"},"content":{"rendered":"<p><strong>N\u00e6rende \u00d8kologisk Ansigtsolie: Perfekt til Moden Hud<\/strong><\/p>\n<p>Fork\u00e6l din hud med vores luksuri\u00f8se ansigtsolie, en unik blanding af 11 \u00f8kologisk certificerede olier og ekstrakter, specielt designet til at n\u00e6re og forynge moden hud. Denne kraftfulde ansigtsolie leverer de n\u00f8dvendige n\u00e6ringsstoffer og vitaminer, din hud har brug for, for at genoprette sin naturlige gl\u00f8d. Huden efterlades bl\u00f8d, hydreret og energisk. Perfekt til seniorer, hj\u00e6lper olien med at bek\u00e6mpe synlige aldringstegn, mens den giver dyb n\u00e6ring til huden \u2013 et must i din hudplejerutine.<\/p>\n<p><strong>Hvorfor Den Er Perfekt til Seniorer:<\/strong><\/p>\n<p>Med alderen mister huden naturligt fugt og bliver mere tilb\u00f8jelig til t\u00f8rhed og tristhed. Denne \u00f8kologiske ansigtsolie er formuleret til at give intens n\u00e6ring, hvilket g\u00f8r den ideel til moden hud, der har brug for ekstra fugt og pleje. Blandingen af \u00f8kologisk jojoba-, argan- og avocadoolie samt b\u00e6reekstrakter hj\u00e6lper med at genoprette fugten og give huden en naturlig gl\u00f8d, s\u00e5 din teint ser frisk, ungdommelig og str\u00e5lende ud.<\/p>\n<p><strong>N\u00f8glefordele:<\/strong><\/p>\n<ul>\n<li><strong>Dyb N\u00e6ring:<\/strong> Rig p\u00e5 vitaminer og essentielle fedtsyrer, denne ansigtsolie giver intens fugt og n\u00e6ring, ideel til t\u00f8r og moden hud.<\/li>\n<li><strong>Anti-Aging:<\/strong> Hj\u00e6lper med at reducere synligheden af fine linjer og rynker, og genskaber hudens ungdommelige gl\u00f8d.<\/li>\n<li><strong>\u00d8kologisk og Vegansk:<\/strong> Fremstillet med 100% \u00f8kologisk certificerede, veganske ingredienser, er denne olie fri for skrappe kemikalier og sk\u00e5nsom mod sensitiv og aldrende hud.<\/li>\n<\/ul>\n<p><strong>S\u00e5dan Bruger Du Den:<\/strong><\/p>\n<p>P\u00e5f\u00f8r et par dr\u00e5ber p\u00e5 ren hud og mass\u00e9r blidt ind i ansigt og hals. Brug den dagligt for en bl\u00f8d, hydreret og str\u00e5lende hud. Undg\u00e5 direkte kontakt med \u00f8jnene.<\/p>\n<p><strong>Velegnet til Alle Hudtyper, S\u00e6rligt Moden og T\u00f8r Hud:<\/strong><\/p>\n<p>Denne ansigtsolie er velegnet til alle hudtyper, men er s\u00e6rligt effektiv for dem med moden, t\u00f8r eller dehydreret hud. Den \u00f8kologiske og veganske formel sikrer, at den er sk\u00e5nsom og effektiv, selv for sensitiv hud.<\/p>\n<p><strong>Ingredienser, Du Kan Stole P\u00e5:<\/strong><\/p>\n<p>Simmondsia Chinensis (Jojoba) Fr\u00f8olie\u2780, Decyl Cocoate, Solanum Lycopersicum (Tomat) Frugtekstrakt\u2780, Hippophae Rhamnoides (Havtorn) Frugtekstrakt\u2780, Undecane, Tridecane, Argania Spinosa (Argan) Kernel Oil\u2780, Rubus Chamaemorus (Multeb\u00e6r) Frugtekstrakt\u2780, Tocopherol, Persea Gratissima (Avocado) Oil\u2780, Prunus Amygdalus (Mandel) Dulcis Oil\u2780, Prunus Armeniaca (Abrikos) Kernel Oil\u2780, Parfum, Borago Officinalis (Hjulkrone) Fr\u00f8olie\u2780, Oenothera Biennis (Natlys) Olie\u2780, Prunus Domestica (Blomme) Fr\u00f8olie, Vaccinium Myrtillus (Bl\u00e5b\u00e6r) Fr\u00f8olie\u2780, Linalool\u2781, Limonene\u2781, Citronellol\u2781, Geraniol\u2781<\/p>\n<p>\u2780 Ingredienser fra \u00f8kologisk landbrug<br \/>\n\u2781 Fra naturlige \u00e6teriske olier<\/p>\n<p><strong>Forny din hud med vores n\u00e6rende \u00f8kologiske ansigtsolie \u2013 perfekt til seniorer, der \u00f8nsker at holde huden bl\u00f8d, str\u00e5lende og ungdommelig.<\/strong><\/p>\n","protected":false},"excerpt":{"rendered":"<p>N\u00e6rende \u00d8kologisk Ansigtsolie: Perfekt til Moden Hud Fork\u00e6l din hud med vores luksuri\u00f8se ansigtsolie, en unik blanding af 11 \u00f8kologisk certificerede olier og ekstrakter, specielt designet til at n\u00e6re og forynge moden hud. Denne kraftfulde ansigtsolie leverer de n\u00f8dvendige n\u00e6ringsstoffer og vitaminer, din hud har brug for, for at genoprette sin naturlige gl\u00f8d. Huden efterlades [&hellip;]<\/p>\n","protected":false},"featured_media":2015,"comment_status":"closed","ping_status":"closed","template":"","meta":[],"product_brand":[],"product_cat":[17],"product_tag":[72,74,75,77,71,64,32,70,102,76,73,63,69,67,179,68,101,66],"class_list":{"0":"post-2014","1":"product","2":"type-product","3":"status-publish","4":"has-post-thumbnail","6":"product_cat-uncategorized","7":"product_tag-anti-ageing-skincare-concern","8":"product_tag-argan-oil-ingredients","9":"product_tag-avocado-oil-ingredients","10":"product_tag-berry-extract-ingredients","11":"product_tag-dehydrated-skin-concern","12":"product_tag-dry-skin-type","13":"product_tag-face-care","14":"product_tag-facial-oil-type","15":"product_tag-gluten-free-claims","16":"product_tag-jojoba-oil-ingredients","17":"product_tag-mature-skin-type","18":"product_tag-normal-skin-type","19":"product_tag-nourishing","20":"product_tag-organic-certified","21":"product_tag-organic-certified-claims","22":"product_tag-vegan","23":"product_tag-vegan-claims","24":"product_tag-white-packaging-color","27":"instock","28":"taxable","29":"shipping-taxable","30":"purchasable","31":"product-type-simple","32":"product-grid-view"},"_links":{"self":[{"href":"https:\/\/longviveco.com\/dk\/wp-json\/wp\/v2\/product\/2014","targetHints":{"allow":["GET"]}}],"collection":[{"href":"https:\/\/longviveco.com\/dk\/wp-json\/wp\/v2\/product"}],"about":[{"href":"https:\/\/longviveco.com\/dk\/wp-json\/wp\/v2\/types\/product"}],"replies":[{"embeddable":true,"href":"https:\/\/longviveco.com\/dk\/wp-json\/wp\/v2\/comments?post=2014"}],"version-history":[{"count":3,"href":"https:\/\/longviveco.com\/dk\/wp-json\/wp\/v2\/product\/2014\/revisions"}],"predecessor-version":[{"id":2269,"href":"https:\/\/longviveco.com\/dk\/wp-json\/wp\/v2\/product\/2014\/revisions\/2269"}],"wp:featuredmedia":[{"embeddable":true,"href":"https:\/\/longviveco.com\/dk\/wp-json\/wp\/v2\/media\/2015"}],"wp:attachment":[{"href":"https:\/\/longviveco.com\/dk\/wp-json\/wp\/v2\/media?parent=2014"}],"wp:term":[{"taxonomy":"product_brand","embeddable":true,"href":"https:\/\/longviveco.com\/dk\/wp-json\/wp\/v2\/product_brand?post=2014"},{"taxonomy":"product_cat","embeddable":true,"href":"https:\/\/longviveco.com\/dk\/wp-json\/wp\/v2\/product_cat?post=2014"},{"taxonomy":"product_tag","embeddable":true,"href":"https:\/\/longviveco.com\/dk\/wp-json\/wp\/v2\/product_tag?post=2014"}],"curies":[{"name":"wp","href":"https:\/\/api.w.org\/{rel}","templated":true}]}}