{"id":2001,"date":"2024-08-25T17:11:02","date_gmt":"2024-08-25T17:11:02","guid":{"rendered":"https:\/\/longviveco.com\/dk\/?post_type=product&#038;p=2001"},"modified":"2024-09-04T11:32:32","modified_gmt":"2024-09-04T11:32:32","slug":"naerende-ansigtsolie-2","status":"publish","type":"product","link":"https:\/\/longviveco.com\/dk\/product\/naerende-ansigtsolie-2\/","title":{"rendered":"N\u00e6rende ansigtsolie"},"content":{"rendered":"<p><strong>N\u00e6rende \u00d8kologisk Ansigtsolie: Perfekt til Moden Hud<\/strong><\/p>\n<p>Giv din hud det boost, den har brug for, med vores luksuri\u00f8se ansigtsolie, lavet af en kraftfuld blanding af 11 \u00f8kologisk certificerede olier og ekstrakter. Denne ansigtsolie er perfekt til seniorer, der \u00f8nsker at n\u00e6re og genoplive deres hud. Rig p\u00e5 essentielle n\u00e6ringsstoffer og vitaminer, giver den intens fugt, som efterlader din hud bl\u00f8d, str\u00e5lende og energisk. Ideel til moden hud, hj\u00e6lper denne olie med at genskabe en ungdommelig gl\u00f8d og bek\u00e6mpe aldringstegn.<\/p>\n<p><strong>Hvorfor Den Er Perfekt til Seniorer:<\/strong><\/p>\n<p>Med alderen bliver huden ofte t\u00f8r og mister sin naturlige vitalitet. Denne ansigtsolie er specielt udviklet til moden hud og tilbyder dyb fugt og n\u00e6ring for at bek\u00e6mpe t\u00f8rhed og tristhed. Blandingen af \u00f8kologiske olier, herunder Argan, Jojoba og Avocado, leverer essentielle fedtsyrer og antioxidanter, der hj\u00e6lper med at reducere fine linjer og rynker. Ved regelm\u00e6ssig brug vil din hud f\u00f8les bl\u00f8dere, mere smidig og synligt lysere.<\/p>\n<p><strong>N\u00f8glefordele:<\/strong><\/p>\n<ul>\n<li><strong>Intens Fugt:<\/strong> Giver langvarig fugt til t\u00f8r og moden hud, og hj\u00e6lper med at genskabe en bl\u00f8d og fyldig hud.<\/li>\n<li><strong>Anti-Aging Effekt:<\/strong> Rig p\u00e5 antioxidanter og n\u00e6ringsstoffer, der hj\u00e6lper med at reducere fine linjer og fremmer en ungdommelig gl\u00f8d.<\/li>\n<li><strong>100% \u00d8kologisk og Vegansk:<\/strong> Fremstillet med \u00f8kologisk certificerede ingredienser, er denne ansigtsolie sk\u00e5nsom mod sensitiv hud, fri for skrappe kemikalier og perfekt til seniorer, der s\u00f8ger naturlige hudplejel\u00f8sninger.<\/li>\n<\/ul>\n<p><strong>S\u00e5dan Bruger Du Den:<\/strong><\/p>\n<p>P\u00e5f\u00f8r et par dr\u00e5ber p\u00e5 ren hud, og mass\u00e9r forsigtigt ind i ansigt og hals. Brug den dagligt for en bl\u00f8d, str\u00e5lende og sund hud. Undg\u00e5 direkte kontakt med \u00f8jnene.<\/p>\n<p><strong>Velegnet til Alle Hudtyper, S\u00e6rligt Moden og T\u00f8r Hud:<\/strong><\/p>\n<p>Denne ansigtsolie er velegnet til alle hudtyper, men er s\u00e6rligt gavnlig for moden, t\u00f8r eller dehydreret hud. Dens lette og ikke-fedtet formel sikrer, at din hud absorberer den n\u00e6ring, den har brug for, uden at f\u00f8les tung.<\/p>\n<p><strong>Ingredienser, Du Kan Stole P\u00e5:<\/strong><\/p>\n<p>Simmondsia Chinensis (Jojoba) Fr\u00f8olie\u2780, Decyl Cocoate, Solanum Lycopersicum (Tomat) Frugtekstrakt\u2780, Hippophae Rhamnoides (Havtorn) Frugtekstrakt\u2780, Undecane, Tridecane, Argania Spinosa (Argan) Kernel Oil\u2780, Rubus Chamaemorus (Multeb\u00e6r) Frugtekstrakt\u2780, Tocopherol, Persea Gratissima (Avocado) Oil\u2780, Prunus Amygdalus (Mandel) Dulcis Oil\u2780, Prunus Armeniaca (Abrikos) Kernel Oil\u2780, Parfum, Borago Officinalis (Hjulkrone) Fr\u00f8olie\u2780, Oenothera Biennis (Natlys) Olie\u2780, Prunus Domestica (Blomme) Fr\u00f8olie, Vaccinium Myrtillus (Bl\u00e5b\u00e6r) Fr\u00f8olie\u2780, Linalool\u2781, Limonene\u2781, Citronellol\u2781, Geraniol\u2781<\/p>\n<p>\u2780 Ingredienser fra \u00f8kologisk landbrug<br \/>\n\u2781 Fra naturlige \u00e6teriske olier<\/p>\n<p><strong>Forny din hud med vores n\u00e6rende \u00f8kologiske ansigtsolie \u2013 perfekt til seniorer, der \u00f8nsker at bevare bl\u00f8d, hydreret og ungdommelig hud.<\/strong><\/p>\n","protected":false},"excerpt":{"rendered":"<p>N\u00e6rende \u00d8kologisk Ansigtsolie: Perfekt til Moden Hud Giv din hud det boost, den har brug for, med vores luksuri\u00f8se ansigtsolie, lavet af en kraftfuld blanding af 11 \u00f8kologisk certificerede olier og ekstrakter. Denne ansigtsolie er perfekt til seniorer, der \u00f8nsker at n\u00e6re og genoplive deres hud. Rig p\u00e5 essentielle n\u00e6ringsstoffer og vitaminer, giver den intens [&hellip;]<\/p>\n","protected":false},"featured_media":2002,"comment_status":"closed","ping_status":"closed","template":"","meta":[],"product_brand":[],"product_cat":[17],"product_tag":[72,74,75,77,71,64,32,70,102,76,73,63,69,67,179,68,101,66],"class_list":{"0":"post-2001","1":"product","2":"type-product","3":"status-publish","4":"has-post-thumbnail","6":"product_cat-uncategorized","7":"product_tag-anti-ageing-skincare-concern","8":"product_tag-argan-oil-ingredients","9":"product_tag-avocado-oil-ingredients","10":"product_tag-berry-extract-ingredients","11":"product_tag-dehydrated-skin-concern","12":"product_tag-dry-skin-type","13":"product_tag-face-care","14":"product_tag-facial-oil-type","15":"product_tag-gluten-free-claims","16":"product_tag-jojoba-oil-ingredients","17":"product_tag-mature-skin-type","18":"product_tag-normal-skin-type","19":"product_tag-nourishing","20":"product_tag-organic-certified","21":"product_tag-organic-certified-claims","22":"product_tag-vegan","23":"product_tag-vegan-claims","24":"product_tag-white-packaging-color","27":"instock","28":"taxable","29":"shipping-taxable","30":"purchasable","31":"product-type-simple","32":"product-grid-view"},"_links":{"self":[{"href":"https:\/\/longviveco.com\/dk\/wp-json\/wp\/v2\/product\/2001","targetHints":{"allow":["GET"]}}],"collection":[{"href":"https:\/\/longviveco.com\/dk\/wp-json\/wp\/v2\/product"}],"about":[{"href":"https:\/\/longviveco.com\/dk\/wp-json\/wp\/v2\/types\/product"}],"replies":[{"embeddable":true,"href":"https:\/\/longviveco.com\/dk\/wp-json\/wp\/v2\/comments?post=2001"}],"version-history":[{"count":3,"href":"https:\/\/longviveco.com\/dk\/wp-json\/wp\/v2\/product\/2001\/revisions"}],"predecessor-version":[{"id":2274,"href":"https:\/\/longviveco.com\/dk\/wp-json\/wp\/v2\/product\/2001\/revisions\/2274"}],"wp:featuredmedia":[{"embeddable":true,"href":"https:\/\/longviveco.com\/dk\/wp-json\/wp\/v2\/media\/2002"}],"wp:attachment":[{"href":"https:\/\/longviveco.com\/dk\/wp-json\/wp\/v2\/media?parent=2001"}],"wp:term":[{"taxonomy":"product_brand","embeddable":true,"href":"https:\/\/longviveco.com\/dk\/wp-json\/wp\/v2\/product_brand?post=2001"},{"taxonomy":"product_cat","embeddable":true,"href":"https:\/\/longviveco.com\/dk\/wp-json\/wp\/v2\/product_cat?post=2001"},{"taxonomy":"product_tag","embeddable":true,"href":"https:\/\/longviveco.com\/dk\/wp-json\/wp\/v2\/product_tag?post=2001"}],"curies":[{"name":"wp","href":"https:\/\/api.w.org\/{rel}","templated":true}]}}