{"id":2392,"date":"2025-09-17T18:25:05","date_gmt":"2025-09-17T18:25:05","guid":{"rendered":"https:\/\/longviveco.com\/dk\/?page_id=2392"},"modified":"2025-09-17T18:26:22","modified_gmt":"2025-09-17T18:26:22","slug":"bliv-en-longviveco-influencer","status":"publish","type":"page","link":"https:\/\/longviveco.com\/dk\/bliv-en-longviveco-influencer\/","title":{"rendered":"Bliv en Longviveco influencer"},"content":{"rendered":"\t\t<div data-elementor-type=\"wp-page\" data-elementor-id=\"2392\" class=\"elementor elementor-2392\">\n\t\t\t\t\t\t<section class=\"elementor-section elementor-top-section elementor-element elementor-element-76fe887 elementor-section-height-min-height elementor-section-boxed elementor-section-height-default elementor-section-items-middle\" data-id=\"76fe887\" data-element_type=\"section\" data-e-type=\"section\" data-settings=\"{&quot;background_background&quot;:&quot;slideshow&quot;,&quot;background_slideshow_gallery&quot;:[{&quot;id&quot;:2394,&quot;url&quot;:&quot;https:\\\/\\\/longviveco.com\\\/dk\\\/wp-content\\\/uploads\\\/sites\\\/4\\\/2025\\\/09\\\/influencer-banner.png&quot;}],&quot;wdt_bg_image&quot;:{&quot;url&quot;:&quot;&quot;,&quot;id&quot;:&quot;&quot;,&quot;size&quot;:&quot;&quot;},&quot;wdt_bg_image_laptop&quot;:{&quot;url&quot;:&quot;&quot;,&quot;id&quot;:&quot;&quot;,&quot;size&quot;:&quot;&quot;},&quot;wdt_bg_image_tablet_extra&quot;:{&quot;url&quot;:&quot;&quot;,&quot;id&quot;:&quot;&quot;,&quot;size&quot;:&quot;&quot;},&quot;wdt_bg_image_tablet&quot;:{&quot;url&quot;:&quot;&quot;,&quot;id&quot;:&quot;&quot;,&quot;size&quot;:&quot;&quot;},&quot;wdt_bg_image_mobile_extra&quot;:{&quot;url&quot;:&quot;&quot;,&quot;id&quot;:&quot;&quot;,&quot;size&quot;:&quot;&quot;},&quot;wdt_bg_image_mobile&quot;:{&quot;url&quot;:&quot;&quot;,&quot;id&quot;:&quot;&quot;,&quot;size&quot;:&quot;&quot;},&quot;wdt_bg_position&quot;:&quot;center center&quot;,&quot;wdt_animation_effect&quot;:&quot;none&quot;,&quot;background_slideshow_loop&quot;:&quot;yes&quot;,&quot;background_slideshow_slide_duration&quot;:5000,&quot;background_slideshow_slide_transition&quot;:&quot;fade&quot;,&quot;background_slideshow_transition_duration&quot;:500}\">\n\t\t\t\t\t\t<div class=\"elementor-container elementor-column-gap-default\">\n\t\t\t\t\t<div class=\"elementor-column elementor-col-100 elementor-top-column elementor-element elementor-element-2184ab0\" data-id=\"2184ab0\" data-element_type=\"column\" data-e-type=\"column\">\n\t\t\t<div class=\"elementor-widget-wrap\">\n\t\t\t\t\t\t\t<\/div>\n\t\t<\/div>\n\t\t\t\t\t<\/div>\n\t\t<\/section>\n\t\t\t\t<section class=\"elementor-section elementor-top-section elementor-element elementor-element-c0dcfff elementor-section-boxed elementor-section-height-default elementor-section-height-default\" data-id=\"c0dcfff\" data-element_type=\"section\" data-e-type=\"section\" data-settings=\"{&quot;wdt_bg_image&quot;:{&quot;url&quot;:&quot;&quot;,&quot;id&quot;:&quot;&quot;,&quot;size&quot;:&quot;&quot;},&quot;wdt_bg_image_laptop&quot;:{&quot;url&quot;:&quot;&quot;,&quot;id&quot;:&quot;&quot;,&quot;size&quot;:&quot;&quot;},&quot;wdt_bg_image_tablet_extra&quot;:{&quot;url&quot;:&quot;&quot;,&quot;id&quot;:&quot;&quot;,&quot;size&quot;:&quot;&quot;},&quot;wdt_bg_image_tablet&quot;:{&quot;url&quot;:&quot;&quot;,&quot;id&quot;:&quot;&quot;,&quot;size&quot;:&quot;&quot;},&quot;wdt_bg_image_mobile_extra&quot;:{&quot;url&quot;:&quot;&quot;,&quot;id&quot;:&quot;&quot;,&quot;size&quot;:&quot;&quot;},&quot;wdt_bg_image_mobile&quot;:{&quot;url&quot;:&quot;&quot;,&quot;id&quot;:&quot;&quot;,&quot;size&quot;:&quot;&quot;},&quot;wdt_bg_position&quot;:&quot;center center&quot;,&quot;wdt_animation_effect&quot;:&quot;none&quot;}\">\n\t\t\t\t\t\t<div class=\"elementor-container elementor-column-gap-default\">\n\t\t\t\t\t<div class=\"elementor-column elementor-col-100 elementor-top-column elementor-element elementor-element-3daf43f\" data-id=\"3daf43f\" data-element_type=\"column\" data-e-type=\"column\">\n\t\t\t<div class=\"elementor-widget-wrap elementor-element-populated\">\n\t\t\t\t\t\t<div class=\"elementor-element elementor-element-c7b5343 elementor-widget elementor-widget-heading\" data-id=\"c7b5343\" data-element_type=\"widget\" data-e-type=\"widget\" data-settings=\"{&quot;wdt_animation_effect&quot;:&quot;none&quot;}\" data-widget_type=\"heading.default\">\n\t\t\t\t<div class=\"elementor-widget-container\">\n\t\t\t\t\t<h2 class=\"elementor-heading-title elementor-size-default\">Samarbejd med Longviveco<\/h2>\t\t\t\t<\/div>\n\t\t\t\t<\/div>\n\t\t\t\t\t<\/div>\n\t\t<\/div>\n\t\t\t\t\t<\/div>\n\t\t<\/section>\n\t\t\t\t<section class=\"elementor-section elementor-top-section elementor-element elementor-element-f60138e elementor-section-boxed elementor-section-height-default elementor-section-height-default\" data-id=\"f60138e\" data-element_type=\"section\" data-e-type=\"section\" data-settings=\"{&quot;wdt_bg_image&quot;:{&quot;url&quot;:&quot;&quot;,&quot;id&quot;:&quot;&quot;,&quot;size&quot;:&quot;&quot;},&quot;wdt_bg_image_laptop&quot;:{&quot;url&quot;:&quot;&quot;,&quot;id&quot;:&quot;&quot;,&quot;size&quot;:&quot;&quot;},&quot;wdt_bg_image_tablet_extra&quot;:{&quot;url&quot;:&quot;&quot;,&quot;id&quot;:&quot;&quot;,&quot;size&quot;:&quot;&quot;},&quot;wdt_bg_image_tablet&quot;:{&quot;url&quot;:&quot;&quot;,&quot;id&quot;:&quot;&quot;,&quot;size&quot;:&quot;&quot;},&quot;wdt_bg_image_mobile_extra&quot;:{&quot;url&quot;:&quot;&quot;,&quot;id&quot;:&quot;&quot;,&quot;size&quot;:&quot;&quot;},&quot;wdt_bg_image_mobile&quot;:{&quot;url&quot;:&quot;&quot;,&quot;id&quot;:&quot;&quot;,&quot;size&quot;:&quot;&quot;},&quot;wdt_bg_position&quot;:&quot;center center&quot;,&quot;wdt_animation_effect&quot;:&quot;none&quot;}\">\n\t\t\t\t\t\t<div class=\"elementor-container elementor-column-gap-default\">\n\t\t\t\t\t<div class=\"elementor-column elementor-col-100 elementor-top-column elementor-element elementor-element-0f1538e\" data-id=\"0f1538e\" data-element_type=\"column\" data-e-type=\"column\">\n\t\t\t<div class=\"elementor-widget-wrap elementor-element-populated\">\n\t\t\t\t\t\t<div class=\"elementor-element elementor-element-f6a5b30 elementor-widget elementor-widget-text-editor\" data-id=\"f6a5b30\" data-element_type=\"widget\" data-e-type=\"widget\" data-settings=\"{&quot;wdt_animation_effect&quot;:&quot;none&quot;}\" data-widget_type=\"text-editor.default\">\n\t\t\t\t<div class=\"elementor-widget-container\">\n\t\t\t\t\t\t\t\t\t<p data-start=\"205\" data-end=\"271\"><strong data-start=\"205\" data-end=\"269\">V\u00e6r med til at redefinere hudpleje til moden og sensitiv hud<\/strong><\/p><p data-start=\"273\" data-end=\"601\">Hos Longviveco mener vi, at sk\u00f8nhed og egenomsorg ikke har nogen alder. Vores hudplejeserie er s\u00e6rligt udviklet til <strong data-start=\"389\" data-end=\"418\">moden hud og sensitiv hud<\/strong>, fremstillet af <strong data-start=\"435\" data-end=\"461\">naturlige ingredienser<\/strong> og skabt med den st\u00f8rste omhu. Vores produkter er <strong data-start=\"512\" data-end=\"536\">aldrig testet p\u00e5 dyr<\/strong> og afspejler en mere etisk og b\u00e6redygtig tilgang til hudpleje.<\/p><p data-start=\"603\" data-end=\"813\">Vi inviterer nu <strong data-start=\"619\" data-end=\"673\">influencere, content creators og wellness-profiler<\/strong> til at blive en del af vores mission:<br data-start=\"711\" data-end=\"714\" \/>at hj\u00e6lpe mennesker i alle aldre med at f\u00f8le sig trygge, selvsikre og str\u00e5lende i deres egen hud.<\/p><hr data-start=\"815\" data-end=\"818\" \/><h2 data-start=\"820\" data-end=\"859\">Hvorfor samarbejde med Longviveco?<\/h2><ul data-start=\"861\" data-end=\"1414\"><li data-start=\"861\" data-end=\"987\"><p data-start=\"863\" data-end=\"987\"><strong data-start=\"863\" data-end=\"878\">Unikt fokus<\/strong> \u2013 Mens mange brands kun taler til de unge, hylder vi moden hud og taler til et voksende, overset publikum.<\/p><\/li><li data-start=\"988\" data-end=\"1080\"><p data-start=\"990\" data-end=\"1080\"><strong data-start=\"990\" data-end=\"1006\">\u00c6gte v\u00e6rdier<\/strong> \u2013 Naturlige, cruelty-free produkter skabt med respekt for hudens behov.<\/p><\/li><li data-start=\"1081\" data-end=\"1191\"><p data-start=\"1083\" data-end=\"1191\"><strong data-start=\"1083\" data-end=\"1099\">H\u00f8j relevans<\/strong> \u2013 Vores hudpleje rammer en m\u00e5lgruppe, der s\u00f8ger <strong data-start=\"1148\" data-end=\"1188\">milde, effektive og etiske l\u00f8sninger<\/strong>.<\/p><\/li><li data-start=\"1192\" data-end=\"1303\"><p data-start=\"1194\" data-end=\"1303\"><strong data-start=\"1194\" data-end=\"1220\">Langsigtede relationer<\/strong> \u2013 Vi \u00f8nsker ikke blot kampagner, men <strong data-start=\"1258\" data-end=\"1278\">\u00e6gte samarbejder<\/strong> med vores influencere.<\/p><\/li><li data-start=\"1304\" data-end=\"1414\"><p data-start=\"1306\" data-end=\"1414\"><strong data-start=\"1306\" data-end=\"1328\">Attraktive fordele<\/strong> \u2013 Vi tilbyder kommission, produktpakker og muligheden for at blive brandambassad\u00f8r.<\/p><\/li><\/ul><hr data-start=\"1416\" data-end=\"1419\" \/><h2 data-start=\"1421\" data-end=\"1439\">Hvem vi s\u00f8ger<\/h2><p data-start=\"1441\" data-end=\"1488\">Vi \u00f8nsker at samarbejde med influencere, der:<img fetchpriority=\"high\" decoding=\"async\" class=\"alignright wp-image-2395 size-large\" src=\"https:\/\/longviveco.com\/dk\/wp-content\/uploads\/sites\/4\/2025\/09\/young-woman-683x1024.png\" alt=\"\" width=\"683\" height=\"1024\" srcset=\"https:\/\/longviveco.com\/dk\/wp-content\/uploads\/sites\/4\/2025\/09\/young-woman-683x1024.png 683w, https:\/\/longviveco.com\/dk\/wp-content\/uploads\/sites\/4\/2025\/09\/young-woman-200x300.png 200w, https:\/\/longviveco.com\/dk\/wp-content\/uploads\/sites\/4\/2025\/09\/young-woman-768x1152.png 768w, https:\/\/longviveco.com\/dk\/wp-content\/uploads\/sites\/4\/2025\/09\/young-woman-1000x1500.png 1000w, https:\/\/longviveco.com\/dk\/wp-content\/uploads\/sites\/4\/2025\/09\/young-woman.png 1024w\" sizes=\"(max-width: 683px) 100vw, 683px\" \/><\/p><ul data-start=\"1489\" data-end=\"1792\"><li data-start=\"1489\" data-end=\"1556\"><p data-start=\"1491\" data-end=\"1556\">Br\u00e6nder for <strong data-start=\"1503\" data-end=\"1554\">naturlig hudpleje, wellness eller etisk sk\u00f8nhed<\/strong><\/p><\/li><li data-start=\"1557\" data-end=\"1648\"><p data-start=\"1559\" data-end=\"1648\">Har f\u00f8lgere blandt <strong data-start=\"1578\" data-end=\"1596\">40+ m\u00e5lgruppen<\/strong>, omsorgspersoner eller mennesker med sensitiv hud<\/p><\/li><li data-start=\"1649\" data-end=\"1708\"><p data-start=\"1651\" data-end=\"1708\">G\u00e5r op i <strong data-start=\"1660\" data-end=\"1706\">\u00e6rlige anmeldelser og autentisk formidling<\/strong><\/p><\/li><li data-start=\"1709\" data-end=\"1792\"><p data-start=\"1711\" data-end=\"1792\">Har lyst til at <strong data-start=\"1727\" data-end=\"1750\">vokse sammen med os<\/strong> som en del af en meningsfuld brandrejse<\/p><\/li><\/ul><p data-start=\"1794\" data-end=\"1923\">Uanset om du er beauty-blogger, lifestyle-creator eller wellness-coach, vil vi gerne h\u00f8re fra dig, hvis du deler vores v\u00e6rdier.<\/p><h2 data-start=\"1930\" data-end=\"1969\">Hvad du f\u00e5r som Longviveco-partner<\/h2><ul data-start=\"1971\" data-end=\"2234\"><li data-start=\"1971\" data-end=\"2015\"><p data-start=\"1973\" data-end=\"2015\">Gratis produkter til test og anmeldelser<\/p><\/li><li data-start=\"2016\" data-end=\"2067\"><p data-start=\"2018\" data-end=\"2067\">Personlige affiliate-links &amp; kommission p\u00e5 salg<\/p><\/li><li data-start=\"2068\" data-end=\"2111\"><p data-start=\"2070\" data-end=\"2111\">F\u00f8rst adgang til nye produktlanceringer<\/p><\/li><li data-start=\"2112\" data-end=\"2178\"><p data-start=\"2114\" data-end=\"2178\">Mulighed for eksponering p\u00e5 vores hjemmeside og sociale medier<\/p><\/li><li data-start=\"2179\" data-end=\"2234\"><p data-start=\"2181\" data-end=\"2234\">Chance for at blive <strong data-start=\"2201\" data-end=\"2232\">Longviveco Brand Ambassador<\/strong><\/p><\/li><\/ul><h2 data-start=\"2241\" data-end=\"2265\">Lad os vokse sammen<\/h2><p data-start=\"2267\" data-end=\"2433\">Hvis du tror p\u00e5 <strong data-start=\"2283\" data-end=\"2313\">hudpleje uden kompromisser<\/strong> og vil inspirere andre til at pleje deres hud med naturlige, etiske produkter, er Longviveco det rette brand for dig.<\/p><p data-start=\"2435\" data-end=\"2551\">\ud83d\udc49 <strong data-start=\"2438\" data-end=\"2477\">Ans\u00f8g om at samarbejde med os i dag<\/strong> og v\u00e6r med til at sprede budskabet om, at sk\u00f8nhed ikke har nogen alder.<\/p>\t\t\t\t\t\t\t\t<\/div>\n\t\t\t\t<\/div>\n\t\t\t\t\t<\/div>\n\t\t<\/div>\n\t\t\t\t\t<\/div>\n\t\t<\/section>\n\t\t\t\t<\/div>\n\t\t","protected":false},"excerpt":{"rendered":"<p>Samarbejd med Longviveco V\u00e6r med til at redefinere hudpleje til moden og sensitiv hud Hos Longviveco mener vi, at sk\u00f8nhed og egenomsorg ikke har nogen alder. Vores hudplejeserie er s\u00e6rligt udviklet til moden hud og sensitiv hud, fremstillet af naturlige ingredienser og skabt med den st\u00f8rste omhu. Vores produkter er aldrig testet p\u00e5 dyr og [&hellip;]<\/p>\n","protected":false},"author":1,"featured_media":2394,"parent":0,"menu_order":0,"comment_status":"closed","ping_status":"closed","template":"elementor_header_footer","meta":{"footnotes":""},"class_list":["post-2392","page","type-page","status-publish","has-post-thumbnail","hentry"],"_links":{"self":[{"href":"https:\/\/longviveco.com\/dk\/wp-json\/wp\/v2\/pages\/2392","targetHints":{"allow":["GET"]}}],"collection":[{"href":"https:\/\/longviveco.com\/dk\/wp-json\/wp\/v2\/pages"}],"about":[{"href":"https:\/\/longviveco.com\/dk\/wp-json\/wp\/v2\/types\/page"}],"author":[{"embeddable":true,"href":"https:\/\/longviveco.com\/dk\/wp-json\/wp\/v2\/users\/1"}],"replies":[{"embeddable":true,"href":"https:\/\/longviveco.com\/dk\/wp-json\/wp\/v2\/comments?post=2392"}],"version-history":[{"count":4,"href":"https:\/\/longviveco.com\/dk\/wp-json\/wp\/v2\/pages\/2392\/revisions"}],"predecessor-version":[{"id":2398,"href":"https:\/\/longviveco.com\/dk\/wp-json\/wp\/v2\/pages\/2392\/revisions\/2398"}],"wp:featuredmedia":[{"embeddable":true,"href":"https:\/\/longviveco.com\/dk\/wp-json\/wp\/v2\/media\/2394"}],"wp:attachment":[{"href":"https:\/\/longviveco.com\/dk\/wp-json\/wp\/v2\/media?parent=2392"}],"curies":[{"name":"wp","href":"https:\/\/api.w.org\/{rel}","templated":true}]}}