{"id":1592,"date":"2023-06-29T03:46:41","date_gmt":"2023-06-29T03:46:41","guid":{"rendered":"https:\/\/longviveco.com\/dk\/?page_id=1592"},"modified":"2023-06-29T03:53:16","modified_gmt":"2023-06-29T03:53:16","slug":"blog-left-sidebar","status":"publish","type":"page","link":"https:\/\/longviveco.com\/dk\/blog-left-sidebar\/","title":{"rendered":"Blog Left Sidebar"},"content":{"rendered":"\t\t<div data-elementor-type=\"wp-page\" data-elementor-id=\"1592\" class=\"elementor elementor-1592\">\n\t\t\t\t\t\t<section class=\"elementor-section elementor-top-section elementor-element elementor-element-45c9485 elementor-section-boxed elementor-section-height-default elementor-section-height-default\" data-id=\"45c9485\" data-element_type=\"section\" data-e-type=\"section\" data-settings=\"{&quot;wdt_bg_image&quot;:{&quot;url&quot;:&quot;&quot;,&quot;id&quot;:&quot;&quot;,&quot;size&quot;:&quot;&quot;},&quot;wdt_bg_image_laptop&quot;:{&quot;url&quot;:&quot;&quot;,&quot;id&quot;:&quot;&quot;,&quot;size&quot;:&quot;&quot;},&quot;wdt_bg_image_tablet_extra&quot;:{&quot;url&quot;:&quot;&quot;,&quot;id&quot;:&quot;&quot;,&quot;size&quot;:&quot;&quot;},&quot;wdt_bg_image_tablet&quot;:{&quot;url&quot;:&quot;&quot;,&quot;id&quot;:&quot;&quot;,&quot;size&quot;:&quot;&quot;},&quot;wdt_bg_image_mobile_extra&quot;:{&quot;url&quot;:&quot;&quot;,&quot;id&quot;:&quot;&quot;,&quot;size&quot;:&quot;&quot;},&quot;wdt_bg_image_mobile&quot;:{&quot;url&quot;:&quot;&quot;,&quot;id&quot;:&quot;&quot;,&quot;size&quot;:&quot;&quot;},&quot;wdt_bg_position&quot;:&quot;center center&quot;,&quot;wdt_animation_effect&quot;:&quot;none&quot;}\">\n\t\t\t\t\t\t<div class=\"elementor-container elementor-column-gap-default\">\n\t\t\t\t\t<div class=\"elementor-column elementor-col-100 elementor-top-column elementor-element elementor-element-c29d99e\" data-id=\"c29d99e\" data-element_type=\"column\" data-e-type=\"column\">\n\t\t\t<div class=\"elementor-widget-wrap elementor-element-populated\">\n\t\t\t\t\t\t<div class=\"elementor-element elementor-element-1f6551c elementor-widget elementor-widget-wdt-blog-posts\" data-id=\"1f6551c\" data-element_type=\"widget\" data-e-type=\"widget\" data-settings=\"{&quot;wdt_animation_effect&quot;:&quot;none&quot;}\" data-widget_type=\"wdt-blog-posts.default\">\n\t\t\t\t<div class=\"elementor-widget-container\">\n\t\t\t\t\t<div class=\"wdt-posts-list-wrapper  \" ><div class='tpl-blog-holder  apply-equal-height '><div class='grid-sizer  entry-grid-layout wdt-simple-style wdt-default-hover wdt-default-overlay alignnone column wdt-one-half wdt-post-entry '><\/div><div class=\" entry-grid-layout wdt-simple-style wdt-default-hover wdt-default-overlay alignnone column wdt-one-half wdt-post-entry  \"><article id=\"post-2388\" class=\"post-2388 post type-post status-publish format-standard has-post-thumbnail hentry category-nude-makeup blog-entry\">\r\n\r\n\r\n\t<!-- Featured Image -->\r\n\t<div class=\"entry-thumb\">\r\n\r\n\t\t\r\n<a href=\"https:\/\/longviveco.com\/dk\/vigtigheden-af-naturlig-solbeskyttelse-til-seniorer-skan-moden-hud-med-omtanke\/\" title=\"Permalink to Vigtigheden af naturlig solbeskyttelse til seniorer: Sk\u00e5n moden hud med omtanke\"><img fetchpriority=\"high\" decoding=\"async\" width=\"1024\" height=\"1536\" src=\"https:\/\/longviveco.com\/dk\/wp-content\/uploads\/sites\/4\/2025\/05\/naturlig-solbeskyttelse-til-seniorer-longviveco.png\" class=\"attachment-wdt-blog-ii-column size-wdt-blog-ii-column wp-post-image\" alt=\"\" srcset=\"https:\/\/longviveco.com\/dk\/wp-content\/uploads\/sites\/4\/2025\/05\/naturlig-solbeskyttelse-til-seniorer-longviveco.png 1024w, https:\/\/longviveco.com\/dk\/wp-content\/uploads\/sites\/4\/2025\/05\/naturlig-solbeskyttelse-til-seniorer-longviveco-200x300.png 200w, https:\/\/longviveco.com\/dk\/wp-content\/uploads\/sites\/4\/2025\/05\/naturlig-solbeskyttelse-til-seniorer-longviveco-683x1024.png 683w, https:\/\/longviveco.com\/dk\/wp-content\/uploads\/sites\/4\/2025\/05\/naturlig-solbeskyttelse-til-seniorer-longviveco-768x1152.png 768w, https:\/\/longviveco.com\/dk\/wp-content\/uploads\/sites\/4\/2025\/05\/naturlig-solbeskyttelse-til-seniorer-longviveco-1000x1500.png 1000w\" sizes=\"(max-width: 1024px) 100vw, 1024px\" \/><\/a>\r\n        <\/div><!-- Featured Image -->\r\n<!-- Entry Title -->\r\n<div class=\"entry-title\">\r\n\t<h4>    \t<a href=\"https:\/\/longviveco.com\/dk\/vigtigheden-af-naturlig-solbeskyttelse-til-seniorer-skan-moden-hud-med-omtanke\/\" title=\"Permalink to Vigtigheden af naturlig solbeskyttelse til seniorer: Sk\u00e5n moden hud med omtanke\">Vigtigheden af naturlig solbeskyttelse til seniorer: Sk\u00e5n moden hud med omtanke<\/a>\r\n\t<\/h4>\r\n<\/div><!-- Entry Title -->\r\n\t<div class=\"entry-body\"><p>N\u00e5r vi bliver \u00e6ldre, \u00e6ndrer vores hud sig. Den bliver tyndere, mere sart og langsommere til at hele \u2013 og derfor er det vigtigere...<\/p><\/div>\r\n<div class=\"entry-meta-group pro\">\r\n<!-- Entry Button --><div class=\"entry-button wdt-core-button\"><a href=\"https:\/\/longviveco.com\/dk\/vigtigheden-af-naturlig-solbeskyttelse-til-seniorer-skan-moden-hud-med-omtanke\/\" title=\"Vigtigheden af naturlig solbeskyttelse til seniorer: Sk\u00e5n moden hud med omtanke\" class=\"wdt-button\">Read More<span><svg xmlns=\"http:\/\/www.w3.org\/2000\/svg\" xmlns:xlink=\"http:\/\/www.w3.org\/1999\/xlink\" x=\"0px\" y=\"0px\" viewBox=\"0 0 100 59\" style=\"enable-background:new 0 0 100 59;\" xml:space=\"preserve\"><polygon points=\"59.9,6.1 79.4,25.7 6,25.7 6,33.3 79.4,33.3 59.9,52.9 65.3,58.2 94,29.5 65.3,0.8 \"><\/polygon><\/svg><\/span><\/a><\/div><!-- Entry Button --><\/div><\/article><\/div><div class=\" entry-grid-layout wdt-simple-style wdt-default-hover wdt-default-overlay alignnone column wdt-one-half wdt-post-entry  \"><article id=\"post-1109\" class=\"post-1109 post type-post status-publish format-standard has-post-thumbnail hentry category-matte-makeup category-nude-makeup tag-fragrance tag-suspensions blog-entry\">\r\n\r\n\r\n\t<!-- Featured Image -->\r\n\t<div class=\"entry-thumb\">\r\n\r\n\t\t\r\n<a href=\"https:\/\/longviveco.com\/dk\/premium-feather-light-comfortable-lipstick\/\" title=\"Permalink to Premium feather-light, comfortable lipstick\"><img decoding=\"async\" width=\"1300\" height=\"780\" src=\"https:\/\/longviveco.com\/dk\/wp-content\/uploads\/sites\/4\/2023\/06\/blog-1.jpg\" class=\"attachment-wdt-blog-ii-column size-wdt-blog-ii-column wp-post-image\" alt=\"\" srcset=\"https:\/\/longviveco.com\/dk\/wp-content\/uploads\/sites\/4\/2023\/06\/blog-1.jpg 1300w, https:\/\/longviveco.com\/dk\/wp-content\/uploads\/sites\/4\/2023\/06\/blog-1-300x180.jpg 300w, https:\/\/longviveco.com\/dk\/wp-content\/uploads\/sites\/4\/2023\/06\/blog-1-768x461.jpg 768w, https:\/\/longviveco.com\/dk\/wp-content\/uploads\/sites\/4\/2023\/06\/blog-1-1024x614.jpg 1024w, https:\/\/longviveco.com\/dk\/wp-content\/uploads\/sites\/4\/2023\/06\/blog-1-1000x600.jpg 1000w\" sizes=\"(max-width: 1300px) 100vw, 1300px\" \/><\/a>\r\n        <\/div><!-- Featured Image -->\r\n<!-- Entry Title -->\r\n<div class=\"entry-title\">\r\n\t<h4>    \t<a href=\"https:\/\/longviveco.com\/dk\/premium-feather-light-comfortable-lipstick\/\" title=\"Permalink to Premium feather-light, comfortable lipstick\">Premium feather-light, comfortable lipstick<\/a>\r\n\t<\/h4>\r\n<\/div><!-- Entry Title -->\r\n\t<div class=\"entry-body\"><p>Distinctively reconceptualize resource maximizing methodologies for enterprise strategic theme areas. Energistically revolutionize high standards in e-tailers without principle-centered scenarios. Efficiently evolve B2C solutions vis-a-vis...<\/p><\/div>\r\n<div class=\"entry-meta-group pro\">\r\n<!-- Entry Button --><div class=\"entry-button wdt-core-button\"><a href=\"https:\/\/longviveco.com\/dk\/premium-feather-light-comfortable-lipstick\/\" title=\"Premium feather-light, comfortable lipstick\" class=\"wdt-button\">Read More<span><svg xmlns=\"http:\/\/www.w3.org\/2000\/svg\" xmlns:xlink=\"http:\/\/www.w3.org\/1999\/xlink\" x=\"0px\" y=\"0px\" viewBox=\"0 0 100 59\" style=\"enable-background:new 0 0 100 59;\" xml:space=\"preserve\"><polygon points=\"59.9,6.1 79.4,25.7 6,25.7 6,33.3 79.4,33.3 59.9,52.9 65.3,58.2 94,29.5 65.3,0.8 \"><\/polygon><\/svg><\/span><\/a><\/div><!-- Entry Button --><\/div><\/article><\/div><div class=\" entry-grid-layout wdt-simple-style wdt-default-hover wdt-default-overlay alignnone column wdt-one-half wdt-post-entry  \"><article id=\"post-1108\" class=\"post-1108 post type-post status-publish format-standard has-post-thumbnail hentry category-matte-makeup category-nude-makeup tag-hair-coloring tag-lotions blog-entry\">\r\n\r\n\r\n\t<!-- Featured Image -->\r\n\t<div class=\"entry-thumb\">\r\n\r\n\t\t\r\n<a href=\"https:\/\/longviveco.com\/dk\/long-lasting-quick-dry-nail-polish-set\/\" title=\"Permalink to Long-lasting &#038; quick dry nail polish set\"><img decoding=\"async\" width=\"1300\" height=\"780\" src=\"https:\/\/longviveco.com\/dk\/wp-content\/uploads\/sites\/4\/2023\/06\/blog-2.jpg\" class=\"attachment-wdt-blog-ii-column size-wdt-blog-ii-column wp-post-image\" alt=\"\" srcset=\"https:\/\/longviveco.com\/dk\/wp-content\/uploads\/sites\/4\/2023\/06\/blog-2.jpg 1300w, https:\/\/longviveco.com\/dk\/wp-content\/uploads\/sites\/4\/2023\/06\/blog-2-300x180.jpg 300w, https:\/\/longviveco.com\/dk\/wp-content\/uploads\/sites\/4\/2023\/06\/blog-2-768x461.jpg 768w, https:\/\/longviveco.com\/dk\/wp-content\/uploads\/sites\/4\/2023\/06\/blog-2-1024x614.jpg 1024w, https:\/\/longviveco.com\/dk\/wp-content\/uploads\/sites\/4\/2023\/06\/blog-2-1000x600.jpg 1000w\" sizes=\"(max-width: 1300px) 100vw, 1300px\" \/><\/a>\r\n        <\/div><!-- Featured Image -->\r\n<!-- Entry Title -->\r\n<div class=\"entry-title\">\r\n\t<h4>    \t<a href=\"https:\/\/longviveco.com\/dk\/long-lasting-quick-dry-nail-polish-set\/\" title=\"Permalink to Long-lasting &#038; quick dry nail polish set\">Long-lasting &#038; quick dry nail polish set<\/a>\r\n\t<\/h4>\r\n<\/div><!-- Entry Title -->\r\n\t<div class=\"entry-body\"><p>Distinctively reconceptualize resource maximizing methodologies for enterprise strategic theme areas. Energistically revolutionize high standards in e-tailers without principle-centered scenarios. Efficiently evolve B2C solutions vis-a-vis...<\/p><\/div>\r\n<div class=\"entry-meta-group pro\">\r\n<!-- Entry Button --><div class=\"entry-button wdt-core-button\"><a href=\"https:\/\/longviveco.com\/dk\/long-lasting-quick-dry-nail-polish-set\/\" title=\"Long-lasting &#038; quick dry nail polish set\" class=\"wdt-button\">Read More<span><svg xmlns=\"http:\/\/www.w3.org\/2000\/svg\" xmlns:xlink=\"http:\/\/www.w3.org\/1999\/xlink\" x=\"0px\" y=\"0px\" viewBox=\"0 0 100 59\" style=\"enable-background:new 0 0 100 59;\" xml:space=\"preserve\"><polygon points=\"59.9,6.1 79.4,25.7 6,25.7 6,33.3 79.4,33.3 59.9,52.9 65.3,58.2 94,29.5 65.3,0.8 \"><\/polygon><\/svg><\/span><\/a><\/div><!-- Entry Button --><\/div><\/article><\/div><div class=\" entry-grid-layout wdt-simple-style wdt-default-hover wdt-default-overlay alignnone column wdt-one-half wdt-post-entry  \"><article id=\"post-1107\" class=\"post-1107 post type-post status-publish format-standard has-post-thumbnail hentry category-hd-makeup category-nude-makeup tag-lotions tag-suspensions blog-entry\">\r\n\r\n\r\n\t<!-- Featured Image -->\r\n\t<div class=\"entry-thumb\">\r\n\r\n\t\t\r\n<a href=\"https:\/\/longviveco.com\/dk\/wrinkles-acne-free-best-night-serum\/\" title=\"Permalink to Wrinkles &#038; acne free best night serum\"><img loading=\"lazy\" decoding=\"async\" width=\"1300\" height=\"780\" src=\"https:\/\/longviveco.com\/dk\/wp-content\/uploads\/sites\/4\/2023\/06\/blog-3.jpg\" class=\"attachment-wdt-blog-ii-column size-wdt-blog-ii-column wp-post-image\" alt=\"\" srcset=\"https:\/\/longviveco.com\/dk\/wp-content\/uploads\/sites\/4\/2023\/06\/blog-3.jpg 1300w, https:\/\/longviveco.com\/dk\/wp-content\/uploads\/sites\/4\/2023\/06\/blog-3-300x180.jpg 300w, https:\/\/longviveco.com\/dk\/wp-content\/uploads\/sites\/4\/2023\/06\/blog-3-768x461.jpg 768w, https:\/\/longviveco.com\/dk\/wp-content\/uploads\/sites\/4\/2023\/06\/blog-3-1024x614.jpg 1024w, https:\/\/longviveco.com\/dk\/wp-content\/uploads\/sites\/4\/2023\/06\/blog-3-1000x600.jpg 1000w\" sizes=\"(max-width: 1300px) 100vw, 1300px\" \/><\/a>\r\n        <\/div><!-- Featured Image -->\r\n<!-- Entry Title -->\r\n<div class=\"entry-title\">\r\n\t<h4>    \t<a href=\"https:\/\/longviveco.com\/dk\/wrinkles-acne-free-best-night-serum\/\" title=\"Permalink to Wrinkles &#038; acne free best night serum\">Wrinkles &#038; acne free best night serum<\/a>\r\n\t<\/h4>\r\n<\/div><!-- Entry Title -->\r\n\t<div class=\"entry-body\"><p>Distinctively reconceptualize resource maximizing methodologies for enterprise strategic theme areas. Energistically revolutionize high standards in e-tailers without principle-centered scenarios. Efficiently evolve B2C solutions vis-a-vis...<\/p><\/div>\r\n<div class=\"entry-meta-group pro\">\r\n<!-- Entry Button --><div class=\"entry-button wdt-core-button\"><a href=\"https:\/\/longviveco.com\/dk\/wrinkles-acne-free-best-night-serum\/\" title=\"Wrinkles &#038; acne free best night serum\" class=\"wdt-button\">Read More<span><svg xmlns=\"http:\/\/www.w3.org\/2000\/svg\" xmlns:xlink=\"http:\/\/www.w3.org\/1999\/xlink\" x=\"0px\" y=\"0px\" viewBox=\"0 0 100 59\" style=\"enable-background:new 0 0 100 59;\" xml:space=\"preserve\"><polygon points=\"59.9,6.1 79.4,25.7 6,25.7 6,33.3 79.4,33.3 59.9,52.9 65.3,58.2 94,29.5 65.3,0.8 \"><\/polygon><\/svg><\/span><\/a><\/div><!-- Entry Button --><\/div><\/article><\/div><div class=\" entry-grid-layout wdt-simple-style wdt-default-hover wdt-default-overlay alignnone column wdt-one-half wdt-post-entry  \"><article id=\"post-1106\" class=\"post-1106 post type-post status-publish format-standard has-post-thumbnail hentry category-hd-makeup category-matte-makeup tag-fragrance tag-suspensions blog-entry\">\r\n\r\n\r\n\t<!-- Featured Image -->\r\n\t<div class=\"entry-thumb\">\r\n\r\n\t\t\r\n<a href=\"https:\/\/longviveco.com\/dk\/safety-and-toxicology-tested-cosmetics\/\" title=\"Permalink to Safety and toxicology-tested cosmetics\"><img loading=\"lazy\" decoding=\"async\" width=\"1300\" height=\"780\" src=\"https:\/\/longviveco.com\/dk\/wp-content\/uploads\/sites\/4\/2023\/06\/blog-4.jpg\" class=\"attachment-wdt-blog-ii-column size-wdt-blog-ii-column wp-post-image\" alt=\"\" srcset=\"https:\/\/longviveco.com\/dk\/wp-content\/uploads\/sites\/4\/2023\/06\/blog-4.jpg 1300w, https:\/\/longviveco.com\/dk\/wp-content\/uploads\/sites\/4\/2023\/06\/blog-4-300x180.jpg 300w, https:\/\/longviveco.com\/dk\/wp-content\/uploads\/sites\/4\/2023\/06\/blog-4-768x461.jpg 768w, https:\/\/longviveco.com\/dk\/wp-content\/uploads\/sites\/4\/2023\/06\/blog-4-1024x614.jpg 1024w, https:\/\/longviveco.com\/dk\/wp-content\/uploads\/sites\/4\/2023\/06\/blog-4-1000x600.jpg 1000w\" sizes=\"(max-width: 1300px) 100vw, 1300px\" \/><\/a>\r\n        <\/div><!-- Featured Image -->\r\n<!-- Entry Title -->\r\n<div class=\"entry-title\">\r\n\t<h4>    \t<a href=\"https:\/\/longviveco.com\/dk\/safety-and-toxicology-tested-cosmetics\/\" title=\"Permalink to Safety and toxicology-tested cosmetics\">Safety and toxicology-tested cosmetics<\/a>\r\n\t<\/h4>\r\n<\/div><!-- Entry Title -->\r\n\t<div class=\"entry-body\"><p>Distinctively reconceptualize resource maximizing methodologies for enterprise strategic theme areas. Energistically revolutionize high standards in e-tailers without principle-centered scenarios. Efficiently evolve B2C solutions vis-a-vis...<\/p><\/div>\r\n<div class=\"entry-meta-group pro\">\r\n<!-- Entry Button --><div class=\"entry-button wdt-core-button\"><a href=\"https:\/\/longviveco.com\/dk\/safety-and-toxicology-tested-cosmetics\/\" title=\"Safety and toxicology-tested cosmetics\" class=\"wdt-button\">Read More<span><svg xmlns=\"http:\/\/www.w3.org\/2000\/svg\" xmlns:xlink=\"http:\/\/www.w3.org\/1999\/xlink\" x=\"0px\" y=\"0px\" viewBox=\"0 0 100 59\" style=\"enable-background:new 0 0 100 59;\" xml:space=\"preserve\"><polygon points=\"59.9,6.1 79.4,25.7 6,25.7 6,33.3 79.4,33.3 59.9,52.9 65.3,58.2 94,29.5 65.3,0.8 \"><\/polygon><\/svg><\/span><\/a><\/div><!-- Entry Button --><\/div><\/article><\/div><div class=\" entry-grid-layout wdt-simple-style wdt-default-hover wdt-default-overlay alignnone column wdt-one-half wdt-post-entry  \"><article id=\"post-1105\" class=\"post-1105 post type-post status-publish format-standard has-post-thumbnail hentry category-matte-makeup category-nude-makeup tag-hair-coloring tag-lotions blog-entry\">\r\n\r\n\r\n\t<!-- Featured Image -->\r\n\t<div class=\"entry-thumb\">\r\n\r\n\t\t\r\n<a href=\"https:\/\/longviveco.com\/dk\/budget-friendly-beauty-treatment-in-metro-cities\/\" title=\"Permalink to Budget-friendly beauty treatment in metro cities\"><img loading=\"lazy\" decoding=\"async\" width=\"1300\" height=\"780\" src=\"https:\/\/longviveco.com\/dk\/wp-content\/uploads\/sites\/4\/2023\/06\/blog-5.jpg\" class=\"attachment-wdt-blog-ii-column size-wdt-blog-ii-column wp-post-image\" alt=\"\" srcset=\"https:\/\/longviveco.com\/dk\/wp-content\/uploads\/sites\/4\/2023\/06\/blog-5.jpg 1300w, https:\/\/longviveco.com\/dk\/wp-content\/uploads\/sites\/4\/2023\/06\/blog-5-300x180.jpg 300w, https:\/\/longviveco.com\/dk\/wp-content\/uploads\/sites\/4\/2023\/06\/blog-5-768x461.jpg 768w, https:\/\/longviveco.com\/dk\/wp-content\/uploads\/sites\/4\/2023\/06\/blog-5-1024x614.jpg 1024w, https:\/\/longviveco.com\/dk\/wp-content\/uploads\/sites\/4\/2023\/06\/blog-5-1000x600.jpg 1000w\" sizes=\"(max-width: 1300px) 100vw, 1300px\" \/><\/a>\r\n        <\/div><!-- Featured Image -->\r\n<!-- Entry Title -->\r\n<div class=\"entry-title\">\r\n\t<h4>    \t<a href=\"https:\/\/longviveco.com\/dk\/budget-friendly-beauty-treatment-in-metro-cities\/\" title=\"Permalink to Budget-friendly beauty treatment in metro cities\">Budget-friendly beauty treatment in metro cities<\/a>\r\n\t<\/h4>\r\n<\/div><!-- Entry Title -->\r\n\t<div class=\"entry-body\"><p>Distinctively reconceptualize resource maximizing methodologies for enterprise strategic theme areas. Energistically revolutionize high standards in e-tailers without principle-centered scenarios. Efficiently evolve B2C solutions vis-a-vis...<\/p><\/div>\r\n<div class=\"entry-meta-group pro\">\r\n<!-- Entry Button --><div class=\"entry-button wdt-core-button\"><a href=\"https:\/\/longviveco.com\/dk\/budget-friendly-beauty-treatment-in-metro-cities\/\" title=\"Budget-friendly beauty treatment in metro cities\" class=\"wdt-button\">Read More<span><svg xmlns=\"http:\/\/www.w3.org\/2000\/svg\" xmlns:xlink=\"http:\/\/www.w3.org\/1999\/xlink\" x=\"0px\" y=\"0px\" viewBox=\"0 0 100 59\" style=\"enable-background:new 0 0 100 59;\" xml:space=\"preserve\"><polygon points=\"59.9,6.1 79.4,25.7 6,25.7 6,33.3 79.4,33.3 59.9,52.9 65.3,58.2 94,29.5 65.3,0.8 \"><\/polygon><\/svg><\/span><\/a><\/div><!-- Entry Button --><\/div><\/article><\/div><\/div><div class=\"pagination blog-pagination\"><div class=\"column one pager_wrapper\"><ul class='page-numbers'>\n\t<li><span aria-label=\"Page 1\" aria-current=\"page\" class=\"page-numbers current\">1<\/span><\/li>\n\t<li><a aria-label=\"Page 2\" class=\"page-numbers\" href=\"https:\/\/longviveco.com\/dk\/wp-json\/wp\/v2\/pages\/1592\/page\/2\/\">2<\/a><\/li>\n\t<li><a aria-label=\"Page 3\" class=\"page-numbers\" href=\"https:\/\/longviveco.com\/dk\/wp-json\/wp\/v2\/pages\/1592\/page\/3\/\">3<\/a><\/li>\n\t<li><a class=\"next page-numbers\" href=\"https:\/\/longviveco.com\/dk\/wp-json\/wp\/v2\/pages\/1592\/page\/2\/\"><i class=\"wdticon-angle-double-right\"><\/i><\/a><\/li>\n<\/ul>\n<\/div>\n<\/div><\/div>\t\t\t\t<\/div>\n\t\t\t\t<\/div>\n\t\t\t\t\t<\/div>\n\t\t<\/div>\n\t\t\t\t\t<\/div>\n\t\t<\/section>\n\t\t\t\t<\/div>\n\t\t","protected":false},"excerpt":{"rendered":"<p>Premium feather-light, comfortable lipstick Distinctively reconceptualize resource maximizing methodologies for enterprise strategic theme areas. Energistically revolutionize high standards in e-tailers without principle-centered scenarios. Efficiently evolve B2C solutions vis-a-vis&#8230; Read More Long-lasting &#038; quick dry nail polish set Distinctively reconceptualize resource maximizing methodologies for enterprise strategic theme areas. Energistically revolutionize high standards in e-tailers without principle-centered [&hellip;]<\/p>\n","protected":false},"author":3,"featured_media":0,"parent":0,"menu_order":0,"comment_status":"closed","ping_status":"closed","template":"","meta":{"footnotes":""},"class_list":["post-1592","page","type-page","status-publish","hentry","blog-entry","format-standard"],"_links":{"self":[{"href":"https:\/\/longviveco.com\/dk\/wp-json\/wp\/v2\/pages\/1592","targetHints":{"allow":["GET"]}}],"collection":[{"href":"https:\/\/longviveco.com\/dk\/wp-json\/wp\/v2\/pages"}],"about":[{"href":"https:\/\/longviveco.com\/dk\/wp-json\/wp\/v2\/types\/page"}],"author":[{"embeddable":true,"href":"https:\/\/longviveco.com\/dk\/wp-json\/wp\/v2\/users\/3"}],"replies":[{"embeddable":true,"href":"https:\/\/longviveco.com\/dk\/wp-json\/wp\/v2\/comments?post=1592"}],"version-history":[{"count":0,"href":"https:\/\/longviveco.com\/dk\/wp-json\/wp\/v2\/pages\/1592\/revisions"}],"wp:attachment":[{"href":"https:\/\/longviveco.com\/dk\/wp-json\/wp\/v2\/media?parent=1592"}],"curies":[{"name":"wp","href":"https:\/\/api.w.org\/{rel}","templated":true}]}}